{"id":542,"date":"2023-09-14T18:41:43","date_gmt":"2023-09-14T16:41:43","guid":{"rendered":"http:\/\/excire-dev.weimannmedia.com\/?page_id=542"},"modified":"2025-03-31T13:10:40","modified_gmt":"2025-03-31T11:10:40","slug":"ueber-uns","status":"publish","type":"page","link":"https:\/\/excire.com\/en\/ueber-uns\/","title":{"rendered":"About us"},"content":{"rendered":"<div data-elementor-type=\"wp-page\" data-elementor-id=\"542\" class=\"elementor elementor-542\" data-elementor-post-type=\"page\">\n\t\t\t\t\t\t<section class=\"elementor-section elementor-top-section elementor-element elementor-element-f8b4404 elementor-section-boxed elementor-section-height-default elementor-section-height-default\" data-id=\"f8b4404\" data-element_type=\"section\" data-e-type=\"section\" data-settings=\"{&quot;background_background&quot;:&quot;classic&quot;}\">\n\t\t\t\t\t\t<div class=\"elementor-container elementor-column-gap-default\">\n\t\t\t\t\t<div class=\"elementor-column elementor-col-100 elementor-top-column elementor-element elementor-element-4e46527a\" data-id=\"4e46527a\" data-element_type=\"column\" data-e-type=\"column\">\n\t\t\t<div class=\"elementor-widget-wrap elementor-element-populated\">\n\t\t\t\t\t\t<div class=\"elementor-element elementor-element-17a064b elementor-widget elementor-widget-heading\" data-id=\"17a064b\" data-element_type=\"widget\" data-e-type=\"widget\" data-widget_type=\"heading.default\">\n\t\t\t\t<div class=\"elementor-widget-container\">\n\t\t\t\t\t<h2 class=\"elementor-heading-title elementor-size-default\">Find out more about the company behind Excire<\/h2>\t\t\t\t<\/div>\n\t\t\t\t<\/div>\n\t\t\t\t\t<\/div>\n\t\t<\/div>\n\t\t\t\t\t<\/div>\n\t\t<\/section>\n\t\t\t\t<section class=\"elementor-section elementor-top-section elementor-element elementor-element-aa0b131 elementor-section-full_width elementor-section-height-default elementor-section-height-default\" data-id=\"aa0b131\" data-element_type=\"section\" data-e-type=\"section\">\n\t\t\t\t\t\t<div class=\"elementor-container elementor-column-gap-default\">\n\t\t\t\t\t<div class=\"elementor-column elementor-col-100 elementor-top-column elementor-element elementor-element-b6e3ce5\" data-id=\"b6e3ce5\" data-element_type=\"column\" data-e-type=\"column\">\n\t\t\t<div class=\"elementor-widget-wrap elementor-element-populated\">\n\t\t\t\t\t\t<div class=\"elementor-element elementor-element-8ec0172 elementor-widget-divider--view-line elementor-widget elementor-widget-divider\" data-id=\"8ec0172\" data-element_type=\"widget\" data-e-type=\"widget\" data-widget_type=\"divider.default\">\n\t\t\t\t<div class=\"elementor-widget-container\">\n\t\t\t\t\t\t\t<div class=\"elementor-divider\">\n\t\t\t<span class=\"elementor-divider-separator\">\n\t\t\t\t\t\t<\/span>\n\t\t<\/div>\n\t\t\t\t\t\t<\/div>\n\t\t\t\t<\/div>\n\t\t\t\t\t<\/div>\n\t\t<\/div>\n\t\t\t\t\t<\/div>\n\t\t<\/section>\n\t\t\t\t<section class=\"elementor-section elementor-top-section elementor-element elementor-element-9725553 elementor-section-full_width elementor-section-height-default elementor-section-height-default\" data-id=\"9725553\" data-element_type=\"section\" data-e-type=\"section\">\n\t\t\t\t\t\t<div class=\"elementor-container elementor-column-gap-default\">\n\t\t\t\t\t<div class=\"elementor-column elementor-col-100 elementor-top-column elementor-element elementor-element-8cd33db\" data-id=\"8cd33db\" data-element_type=\"column\" data-e-type=\"column\">\n\t\t\t<div class=\"elementor-widget-wrap elementor-element-populated\">\n\t\t\t\t\t\t<div class=\"elementor-element elementor-element-4f3a40a elementor-widget-divider--view-line elementor-widget elementor-widget-divider\" data-id=\"4f3a40a\" data-element_type=\"widget\" data-e-type=\"widget\" data-widget_type=\"divider.default\">\n\t\t\t\t<div class=\"elementor-widget-container\">\n\t\t\t\t\t\t\t<div class=\"elementor-divider\">\n\t\t\t<span class=\"elementor-divider-separator\">\n\t\t\t\t\t\t<\/span>\n\t\t<\/div>\n\t\t\t\t\t\t<\/div>\n\t\t\t\t<\/div>\n\t\t\t\t\t<\/div>\n\t\t<\/div>\n\t\t\t\t\t<\/div>\n\t\t<\/section>\n\t\t\t\t<section class=\"elementor-section elementor-top-section elementor-element elementor-element-e26df7a elementor-section-full_width elementor-section-height-default elementor-section-height-default\" data-id=\"e26df7a\" data-element_type=\"section\" data-e-type=\"section\">\n\t\t\t\t\t\t<div class=\"elementor-container elementor-column-gap-default\">\n\t\t\t\t\t<div class=\"elementor-column elementor-col-100 elementor-top-column elementor-element elementor-element-f2ebbaa\" data-id=\"f2ebbaa\" data-element_type=\"column\" data-e-type=\"column\">\n\t\t\t<div class=\"elementor-widget-wrap elementor-element-populated\">\n\t\t\t\t\t\t<div class=\"elementor-element elementor-element-6a9cd6f elementor-widget-divider--view-line elementor-widget elementor-widget-divider\" data-id=\"6a9cd6f\" data-element_type=\"widget\" data-e-type=\"widget\" data-widget_type=\"divider.default\">\n\t\t\t\t<div class=\"elementor-widget-container\">\n\t\t\t\t\t\t\t<div class=\"elementor-divider\">\n\t\t\t<span class=\"elementor-divider-separator\">\n\t\t\t\t\t\t<\/span>\n\t\t<\/div>\n\t\t\t\t\t\t<\/div>\n\t\t\t\t<\/div>\n\t\t\t\t\t<\/div>\n\t\t<\/div>\n\t\t\t\t\t<\/div>\n\t\t<\/section>\n\t\t\t\t<section class=\"elementor-section elementor-top-section elementor-element elementor-element-15a300a elementor-section-full_width elementor-section-height-default elementor-section-height-default\" data-id=\"15a300a\" data-element_type=\"section\" data-e-type=\"section\">\n\t\t\t\t\t\t<div class=\"elementor-container elementor-column-gap-default\">\n\t\t\t\t\t<div class=\"elementor-column elementor-col-100 elementor-top-column elementor-element elementor-element-ec77a23\" data-id=\"ec77a23\" data-element_type=\"column\" data-e-type=\"column\">\n\t\t\t<div class=\"elementor-widget-wrap elementor-element-populated\">\n\t\t\t\t\t\t<div class=\"elementor-element elementor-element-4cfddd6 elementor-widget-divider--view-line elementor-widget elementor-widget-divider\" data-id=\"4cfddd6\" data-element_type=\"widget\" data-e-type=\"widget\" data-widget_type=\"divider.default\">\n\t\t\t\t<div class=\"elementor-widget-container\">\n\t\t\t\t\t\t\t<div class=\"elementor-divider\">\n\t\t\t<span class=\"elementor-divider-separator\">\n\t\t\t\t\t\t<\/span>\n\t\t<\/div>\n\t\t\t\t\t\t<\/div>\n\t\t\t\t<\/div>\n\t\t\t\t\t<\/div>\n\t\t<\/div>\n\t\t\t\t\t<\/div>\n\t\t<\/section>\n\t\t\t\t<section class=\"elementor-section elementor-top-section elementor-element elementor-element-41730d2 elementor-section-full_width elementor-section-height-default elementor-section-height-default\" data-id=\"41730d2\" data-element_type=\"section\" data-e-type=\"section\">\n\t\t\t\t\t\t<div class=\"elementor-container elementor-column-gap-default\">\n\t\t\t\t\t<div class=\"elementor-column elementor-col-100 elementor-top-column elementor-element elementor-element-302f8eb\" data-id=\"302f8eb\" data-element_type=\"column\" data-e-type=\"column\">\n\t\t\t<div class=\"elementor-widget-wrap elementor-element-populated\">\n\t\t\t\t\t\t<div class=\"elementor-element elementor-element-a9f1f9b elementor-widget-divider--view-line elementor-widget elementor-widget-divider\" data-id=\"a9f1f9b\" data-element_type=\"widget\" data-e-type=\"widget\" data-widget_type=\"divider.default\">\n\t\t\t\t<div class=\"elementor-widget-container\">\n\t\t\t\t\t\t\t<div class=\"elementor-divider\">\n\t\t\t<span class=\"elementor-divider-separator\">\n\t\t\t\t\t\t<\/span>\n\t\t<\/div>\n\t\t\t\t\t\t<\/div>\n\t\t\t\t<\/div>\n\t\t\t\t\t<\/div>\n\t\t<\/div>\n\t\t\t\t\t<\/div>\n\t\t<\/section>\n\t\t\t\t<section class=\"elementor-section elementor-top-section elementor-element elementor-element-1777efb elementor-section-boxed elementor-section-height-default elementor-section-height-default\" data-id=\"1777efb\" data-element_type=\"section\" data-e-type=\"section\">\n\t\t\t\t\t\t<div class=\"elementor-container elementor-column-gap-default\">\n\t\t\t\t\t<div class=\"elementor-column elementor-col-50 elementor-top-column elementor-element elementor-element-5348583\" data-id=\"5348583\" data-element_type=\"column\" data-e-type=\"column\">\n\t\t\t<div class=\"elementor-widget-wrap elementor-element-populated\">\n\t\t\t\t\t\t<div class=\"elementor-element elementor-element-88b3806 elementor-widget elementor-widget-text-editor\" data-id=\"88b3806\" data-element_type=\"widget\" data-e-type=\"widget\" data-widget_type=\"text-editor.default\">\n\t\t\t\t<div class=\"elementor-widget-container\">\n\t\t\t\t\t\t\t\t\t<div class=\"elementor-element elementor-element-665ffa97 elementor-widget elementor-widget-heading\" data-id=\"665ffa97\" data-element_type=\"widget\" data-widget_type=\"heading.default\"><div class=\"elementor-widget-container\"><blockquote><div>Excire is a brand of the\u00a0<a href=\"https:\/\/www.pattern-recognition-company.com\/\" target=\"_blank\" rel=\"noopener\">Pattern Recognition Company (PRC)<\/a>, a company specializing in artificial intelligence with its origins at the University of L\u00fcbeck.<\/div><div>\u00a0<\/div><div>PRC's focus is on the development of intelligent software solutions for automated image analysis - from the rapid organization of large photo archives to AI-supported search and analysis functions. With our Excire product line, we offer powerful tools for photographers, companies and authorities. We combine current research with practical application - for innovative, reliable and data protection-friendly image processing.<\/div><\/blockquote><\/div><\/div>\t\t\t\t\t\t\t\t<\/div>\n\t\t\t\t<\/div>\n\t\t\t\t\t<\/div>\n\t\t<\/div>\n\t\t\t\t<div class=\"elementor-column elementor-col-50 elementor-top-column elementor-element elementor-element-600fc3c\" data-id=\"600fc3c\" data-element_type=\"column\" data-e-type=\"column\">\n\t\t\t<div class=\"elementor-widget-wrap elementor-element-populated\">\n\t\t\t\t\t\t<div class=\"elementor-element elementor-element-b2ef8e4 elementor-widget elementor-widget-image\" data-id=\"b2ef8e4\" data-element_type=\"widget\" data-e-type=\"widget\" data-widget_type=\"image.default\">\n\t\t\t\t<div class=\"elementor-widget-container\">\n\t\t\t\t\t\t\t\t\t\t\t\t\t\t\t<img fetchpriority=\"high\" decoding=\"async\" width=\"800\" height=\"413\" src=\"https:\/\/excire.com\/wp-content\/uploads\/2025\/03\/excire_logo_schw_blau-mitSubline-1024x529.webp\" class=\"attachment-large size-large wp-image-60044\" alt=\"\" srcset=\"https:\/\/excire.com\/wp-content\/uploads\/2025\/03\/excire_logo_schw_blau-mitSubline-1024x529.webp 1024w, https:\/\/excire.com\/wp-content\/uploads\/2025\/03\/excire_logo_schw_blau-mitSubline-300x155.webp 300w, https:\/\/excire.com\/wp-content\/uploads\/2025\/03\/excire_logo_schw_blau-mitSubline-768x397.webp 768w, https:\/\/excire.com\/wp-content\/uploads\/2025\/03\/excire_logo_schw_blau-mitSubline-1536x794.webp 1536w, https:\/\/excire.com\/wp-content\/uploads\/2025\/03\/excire_logo_schw_blau-mitSubline-2048x1058.webp 2048w, https:\/\/excire.com\/wp-content\/uploads\/2025\/03\/excire_logo_schw_blau-mitSubline-18x9.webp 18w\" sizes=\"(max-width: 800px) 100vw, 800px\" \/>\t\t\t\t\t\t\t\t\t\t\t\t\t\t\t<\/div>\n\t\t\t\t<\/div>\n\t\t\t\t\t<\/div>\n\t\t<\/div>\n\t\t\t\t\t<\/div>\n\t\t<\/section>\n\t\t\t\t<\/div>","protected":false},"excerpt":{"rendered":"<p>Erfahren Sie mehr \u00fcber das Unternehmen hinter Excire Excire ist eine Marke der\u00a0Pattern Recognition Company (PRC),\u00a0ein auf k\u00fcnstliche Intelligenz spezialisiertes Unternehmen mit Ursprung an der Universit\u00e4t zu L\u00fcbeck.\u00a0Der \u00a0Fokus von PRC liegt auf der Entwicklung intelligenter Softwarel\u00f6sungen zur automatisierten Bildanalyse \u2013 von der schnellen Organisation gro\u00dfer Fotoarchive bis hin zu KI-gest\u00fctzten Such- und Analysefunktionen. Mit [&hellip;]<\/p>\n","protected":false},"author":10,"featured_media":0,"parent":0,"menu_order":0,"comment_status":"closed","ping_status":"open","template":"","meta":{"footnotes":""},"class_list":["post-542","page","type-page","status-publish","hentry"],"_links":{"self":[{"href":"https:\/\/excire.com\/en\/wp-json\/wp\/v2\/pages\/542","targetHints":{"allow":["GET"]}}],"collection":[{"href":"https:\/\/excire.com\/en\/wp-json\/wp\/v2\/pages"}],"about":[{"href":"https:\/\/excire.com\/en\/wp-json\/wp\/v2\/types\/page"}],"author":[{"embeddable":true,"href":"https:\/\/excire.com\/en\/wp-json\/wp\/v2\/users\/10"}],"replies":[{"embeddable":true,"href":"https:\/\/excire.com\/en\/wp-json\/wp\/v2\/comments?post=542"}],"version-history":[{"count":10,"href":"https:\/\/excire.com\/en\/wp-json\/wp\/v2\/pages\/542\/revisions"}],"predecessor-version":[{"id":60069,"href":"https:\/\/excire.com\/en\/wp-json\/wp\/v2\/pages\/542\/revisions\/60069"}],"wp:attachment":[{"href":"https:\/\/excire.com\/en\/wp-json\/wp\/v2\/media?parent=542"}],"curies":[{"name":"wp","href":"https:\/\/api.w.org\/{rel}","templated":true}]}}