{"id":380,"date":"2023-09-14T16:55:04","date_gmt":"2023-09-14T14:55:04","guid":{"rendered":"http:\/\/excire-dev.weimannmedia.com\/?page_id=380"},"modified":"2025-01-24T10:39:18","modified_gmt":"2025-01-24T09:39:18","slug":"impressum","status":"publish","type":"page","link":"https:\/\/excire.com\/en\/impressum\/","title":{"rendered":"Legal Notice \/ Imprint"},"content":{"rendered":"<div data-elementor-type=\"wp-page\" data-elementor-id=\"380\" class=\"elementor elementor-380\" data-elementor-post-type=\"page\">\n\t\t\t\t\t\t<section class=\"elementor-section elementor-top-section elementor-element elementor-element-f8b4404 elementor-section-boxed elementor-section-height-default elementor-section-height-default\" data-id=\"f8b4404\" data-element_type=\"section\" data-e-type=\"section\" data-settings=\"{&quot;background_background&quot;:&quot;classic&quot;}\">\n\t\t\t\t\t\t<div class=\"elementor-container elementor-column-gap-default\">\n\t\t\t\t\t<div class=\"elementor-column elementor-col-100 elementor-top-column elementor-element elementor-element-4e46527a\" data-id=\"4e46527a\" data-element_type=\"column\" data-e-type=\"column\">\n\t\t\t<div class=\"elementor-widget-wrap elementor-element-populated\">\n\t\t\t\t\t\t<div class=\"elementor-element elementor-element-29aee9d elementor-widget elementor-widget-heading\" data-id=\"29aee9d\" data-element_type=\"widget\" data-e-type=\"widget\" data-widget_type=\"heading.default\">\n\t\t\t\t<div class=\"elementor-widget-container\">\n\t\t\t\t\t<style>.elementor-element-29aee9d{display:none !important}<\/style>\t\t\t\t<\/div>\n\t\t\t\t<\/div>\n\t\t\t\t<div class=\"elementor-element elementor-element-d7bf1d4 elementor-widget elementor-widget-heading\" data-id=\"d7bf1d4\" data-element_type=\"widget\" data-e-type=\"widget\" data-widget_type=\"heading.default\">\n\t\t\t\t<div class=\"elementor-widget-container\">\n\t\t\t\t\t<h2 class=\"elementor-heading-title elementor-size-default\">Legal Notice \/ Imprint\n<\/h2>\t\t\t\t<\/div>\n\t\t\t\t<\/div>\n\t\t\t\t\t<\/div>\n\t\t<\/div>\n\t\t\t\t\t<\/div>\n\t\t<\/section>\n\t\t\t\t<section class=\"elementor-section elementor-top-section elementor-element elementor-element-aa0b131 elementor-section-full_width elementor-section-height-default elementor-section-height-default\" data-id=\"aa0b131\" data-element_type=\"section\" data-e-type=\"section\">\n\t\t\t\t\t\t<div class=\"elementor-container elementor-column-gap-default\">\n\t\t\t\t\t<div class=\"elementor-column elementor-col-100 elementor-top-column elementor-element elementor-element-b6e3ce5\" data-id=\"b6e3ce5\" data-element_type=\"column\" data-e-type=\"column\">\n\t\t\t<div class=\"elementor-widget-wrap elementor-element-populated\">\n\t\t\t\t\t\t<div class=\"elementor-element elementor-element-8ec0172 elementor-widget-divider--view-line elementor-widget elementor-widget-divider\" data-id=\"8ec0172\" data-element_type=\"widget\" data-e-type=\"widget\" data-widget_type=\"divider.default\">\n\t\t\t\t<div class=\"elementor-widget-container\">\n\t\t\t\t\t\t\t<div class=\"elementor-divider\">\n\t\t\t<span class=\"elementor-divider-separator\">\n\t\t\t\t\t\t<\/span>\n\t\t<\/div>\n\t\t\t\t\t\t<\/div>\n\t\t\t\t<\/div>\n\t\t\t\t\t<\/div>\n\t\t<\/div>\n\t\t\t\t\t<\/div>\n\t\t<\/section>\n\t\t\t\t<section class=\"elementor-section elementor-top-section elementor-element elementor-element-9725553 elementor-section-full_width elementor-section-height-default elementor-section-height-default\" data-id=\"9725553\" data-element_type=\"section\" data-e-type=\"section\">\n\t\t\t\t\t\t<div class=\"elementor-container elementor-column-gap-default\">\n\t\t\t\t\t<div class=\"elementor-column elementor-col-100 elementor-top-column elementor-element elementor-element-8cd33db\" data-id=\"8cd33db\" data-element_type=\"column\" data-e-type=\"column\">\n\t\t\t<div class=\"elementor-widget-wrap elementor-element-populated\">\n\t\t\t\t\t\t<div class=\"elementor-element elementor-element-4f3a40a elementor-widget-divider--view-line elementor-widget elementor-widget-divider\" data-id=\"4f3a40a\" data-element_type=\"widget\" data-e-type=\"widget\" data-widget_type=\"divider.default\">\n\t\t\t\t<div class=\"elementor-widget-container\">\n\t\t\t\t\t\t\t<div class=\"elementor-divider\">\n\t\t\t<span class=\"elementor-divider-separator\">\n\t\t\t\t\t\t<\/span>\n\t\t<\/div>\n\t\t\t\t\t\t<\/div>\n\t\t\t\t<\/div>\n\t\t\t\t\t<\/div>\n\t\t<\/div>\n\t\t\t\t\t<\/div>\n\t\t<\/section>\n\t\t\t\t<section class=\"elementor-section elementor-top-section elementor-element elementor-element-e26df7a elementor-section-full_width elementor-section-height-default elementor-section-height-default\" data-id=\"e26df7a\" data-element_type=\"section\" data-e-type=\"section\">\n\t\t\t\t\t\t<div class=\"elementor-container elementor-column-gap-default\">\n\t\t\t\t\t<div class=\"elementor-column elementor-col-100 elementor-top-column elementor-element elementor-element-f2ebbaa\" data-id=\"f2ebbaa\" data-element_type=\"column\" data-e-type=\"column\">\n\t\t\t<div class=\"elementor-widget-wrap elementor-element-populated\">\n\t\t\t\t\t\t<div class=\"elementor-element elementor-element-6a9cd6f elementor-widget-divider--view-line elementor-widget elementor-widget-divider\" data-id=\"6a9cd6f\" data-element_type=\"widget\" data-e-type=\"widget\" data-widget_type=\"divider.default\">\n\t\t\t\t<div class=\"elementor-widget-container\">\n\t\t\t\t\t\t\t<div class=\"elementor-divider\">\n\t\t\t<span class=\"elementor-divider-separator\">\n\t\t\t\t\t\t<\/span>\n\t\t<\/div>\n\t\t\t\t\t\t<\/div>\n\t\t\t\t<\/div>\n\t\t\t\t\t<\/div>\n\t\t<\/div>\n\t\t\t\t\t<\/div>\n\t\t<\/section>\n\t\t\t\t<section class=\"elementor-section elementor-top-section elementor-element elementor-element-15a300a elementor-section-full_width elementor-section-height-default elementor-section-height-default\" data-id=\"15a300a\" data-element_type=\"section\" data-e-type=\"section\">\n\t\t\t\t\t\t<div class=\"elementor-container elementor-column-gap-default\">\n\t\t\t\t\t<div class=\"elementor-column elementor-col-100 elementor-top-column elementor-element elementor-element-ec77a23\" data-id=\"ec77a23\" data-element_type=\"column\" data-e-type=\"column\">\n\t\t\t<div class=\"elementor-widget-wrap elementor-element-populated\">\n\t\t\t\t\t\t<div class=\"elementor-element elementor-element-4cfddd6 elementor-widget-divider--view-line elementor-widget elementor-widget-divider\" data-id=\"4cfddd6\" data-element_type=\"widget\" data-e-type=\"widget\" data-widget_type=\"divider.default\">\n\t\t\t\t<div class=\"elementor-widget-container\">\n\t\t\t\t\t\t\t<div class=\"elementor-divider\">\n\t\t\t<span class=\"elementor-divider-separator\">\n\t\t\t\t\t\t<\/span>\n\t\t<\/div>\n\t\t\t\t\t\t<\/div>\n\t\t\t\t<\/div>\n\t\t\t\t\t<\/div>\n\t\t<\/div>\n\t\t\t\t\t<\/div>\n\t\t<\/section>\n\t\t\t\t<section class=\"elementor-section elementor-top-section elementor-element elementor-element-41730d2 elementor-section-full_width elementor-section-height-default elementor-section-height-default\" data-id=\"41730d2\" data-element_type=\"section\" data-e-type=\"section\">\n\t\t\t\t\t\t<div class=\"elementor-container elementor-column-gap-default\">\n\t\t\t\t\t<div class=\"elementor-column elementor-col-100 elementor-top-column elementor-element elementor-element-302f8eb\" data-id=\"302f8eb\" data-element_type=\"column\" data-e-type=\"column\">\n\t\t\t<div class=\"elementor-widget-wrap elementor-element-populated\">\n\t\t\t\t\t\t<div class=\"elementor-element elementor-element-a9f1f9b elementor-widget-divider--view-line elementor-widget elementor-widget-divider\" data-id=\"a9f1f9b\" data-element_type=\"widget\" data-e-type=\"widget\" data-widget_type=\"divider.default\">\n\t\t\t\t<div class=\"elementor-widget-container\">\n\t\t\t\t\t\t\t<div class=\"elementor-divider\">\n\t\t\t<span class=\"elementor-divider-separator\">\n\t\t\t\t\t\t<\/span>\n\t\t<\/div>\n\t\t\t\t\t\t<\/div>\n\t\t\t\t<\/div>\n\t\t\t\t\t<\/div>\n\t\t<\/div>\n\t\t\t\t\t<\/div>\n\t\t<\/section>\n\t\t\t\t<section class=\"elementor-section elementor-top-section elementor-element elementor-element-1777efb elementor-section-boxed elementor-section-height-default elementor-section-height-default\" data-id=\"1777efb\" data-element_type=\"section\" data-e-type=\"section\">\n\t\t\t\t\t\t<div class=\"elementor-container elementor-column-gap-default\">\n\t\t\t\t\t<div class=\"elementor-column elementor-col-100 elementor-top-column elementor-element elementor-element-5348583\" data-id=\"5348583\" data-element_type=\"column\" data-e-type=\"column\">\n\t\t\t<div class=\"elementor-widget-wrap elementor-element-populated\">\n\t\t\t\t\t\t<div class=\"elementor-element elementor-element-88b3806 elementor-widget elementor-widget-text-editor\" data-id=\"88b3806\" data-element_type=\"widget\" data-e-type=\"widget\" data-widget_type=\"text-editor.default\">\n\t\t\t\t<div class=\"elementor-widget-container\">\n\t\t\t\t\t<style>.elementor-element-88b3806{display:none !important}<\/style>\t\t\t\t<\/div>\n\t\t\t\t<\/div>\n\t\t\t\t<div class=\"elementor-element elementor-element-e8a9463 elementor-widget elementor-widget-text-editor\" data-id=\"e8a9463\" data-element_type=\"widget\" data-e-type=\"widget\" data-widget_type=\"text-editor.default\">\n\t\t\t\t<div class=\"elementor-widget-container\">\n\t\t\t\t\t\t\t\t\t<header class=\"entry-header\"><h1><span style=\"font-size: 16px;\">Company Information<\/span><\/h1><\/header><div class=\"entry-content\"><p class=\"translation-block\">Pattern Recognition Company GmbH<br \/>Innovations Campus L\u00fcbeck<br \/>Maria-Goeppert-Stra\u00dfe 3<br \/>23562 L\u00fcbeck, Germany<\/p><p>Telefax: +49 451 8836819<br \/><a href=\"http:\/\/www.pattern-recognition-company.com\/\" target=\"_blank\" rel=\"noreferrer noopener\">www.pattern-recognition-company.com<\/a><br \/>Gesch\u00e4ftsf\u00fchrer: Dr.-Ing. Erhardt Barth, Mathias Martinetz<\/p><p>VAT-ID number: DE814418463<br \/>Amtsgericht L\u00fcbeck HRB 6042<\/p><h3>Disclaimer<\/h3><p class=\"p-max-80\">We examine the correctness and contents of the links set by us from time to time. However, we cannot always check that the external content is correct in every way and does not contain objectionable material. For example any provider can offend copyright or trademark laws beyond the scope of our knowledge. In addition, the contents of the Website which we refer to are subject to change at any time beyond our influence or immediate notice. Therefore we assume no responsibility for content of external links and dissociate ourselves formally from all contents of sites linked to this Website. The operators are solely responsible for the contents of the linked websites.<\/p><h3>Copyright, brand rights and patent rights<\/h3><p class=\"p-max-80\">The contents of this Website intend to provide you comprehensive information on PRC. The intellectual property contained (texts, logo, images etc.) is protected by PRC, and is not to be released to third parties for further use without the prior approval of PRC. This excludes public press releases and associated images.<\/p><h3>Note about external links<\/h3><p class=\"p-max-80\">As far as links are placed from this website to other websites, it is pointed out that there is no influence on the design and content of the linked pages and that their content is not adopted as our own. This applies to all external links on this site and to all content of the pages to which advertising material (e.g. banners, text ads, video ads) leads. For linked pages, it applies that illegal contents were not recognizable at the time of linking. The links are regularly checked for illegal content and removed immediately in the event of infringements.<\/p><h3>Privacy Policy<\/h3><p><a href=\"https:\/\/excire.com\/en\/privacy-police\/\">Link to our privacy policy<\/a><\/p><\/div>\t\t\t\t\t\t\t\t<\/div>\n\t\t\t\t<\/div>\n\t\t\t\t\t<\/div>\n\t\t<\/div>\n\t\t\t\t\t<\/div>\n\t\t<\/section>\n\t\t\t\t<\/div>","protected":false},"excerpt":{"rendered":"<p>Legal Notice \/ Imprint Firmendaten Pattern Recognition Company GmbHInnovations Campus L\u00fcbeckMaria-Goeppert-Stra\u00dfe 323562 L\u00fcbeck Telefax: +49 451 8836819www.pattern-recognition-company.comGesch\u00e4ftsf\u00fchrer: Dr.-Ing. Erhardt Barth, Mathias Martinetz VAT-ID number: DE814418463Amtsgericht L\u00fcbeck HRB 6042 Haftungsbeschr\u00e4nkung Verantwortlich f\u00fcr dieses Informationsangebot ist der Herausgeber. Die Informationen auf dieser Website wurden mit gro\u00dfer Sorgfalt zusammengestellt. F\u00fcr die Richtigkeit und Vollst\u00e4ndigkeit kann gleichwohl keine Gew\u00e4hr [&hellip;]<\/p>\n","protected":false},"author":10,"featured_media":0,"parent":0,"menu_order":0,"comment_status":"closed","ping_status":"open","template":"","meta":{"footnotes":""},"class_list":["post-380","page","type-page","status-publish","hentry"],"_links":{"self":[{"href":"https:\/\/excire.com\/en\/wp-json\/wp\/v2\/pages\/380","targetHints":{"allow":["GET"]}}],"collection":[{"href":"https:\/\/excire.com\/en\/wp-json\/wp\/v2\/pages"}],"about":[{"href":"https:\/\/excire.com\/en\/wp-json\/wp\/v2\/types\/page"}],"author":[{"embeddable":true,"href":"https:\/\/excire.com\/en\/wp-json\/wp\/v2\/users\/10"}],"replies":[{"embeddable":true,"href":"https:\/\/excire.com\/en\/wp-json\/wp\/v2\/comments?post=380"}],"version-history":[{"count":10,"href":"https:\/\/excire.com\/en\/wp-json\/wp\/v2\/pages\/380\/revisions"}],"predecessor-version":[{"id":51867,"href":"https:\/\/excire.com\/en\/wp-json\/wp\/v2\/pages\/380\/revisions\/51867"}],"wp:attachment":[{"href":"https:\/\/excire.com\/en\/wp-json\/wp\/v2\/media?parent=380"}],"curies":[{"name":"wp","href":"https:\/\/api.w.org\/{rel}","templated":true}]}}